{"id":127,"date":"2018-02-01T12:03:32","date_gmt":"2018-02-01T12:03:32","guid":{"rendered":"http:\/\/pecniair.es\/?page_id=127"},"modified":"2018-04-19T09:27:15","modified_gmt":"2018-04-19T09:27:15","slug":"climatizacion-por-zonas","status":"publish","type":"page","link":"https:\/\/pecniair.es\/climatizacion-por-zonas","title":{"rendered":"Climatizaci\u00f3n por zonas"},"content":{"rendered":"<p style=\"text-align: center;\"><a href=\"http:\/\/www.airzone.es\/que-es-airzone\/\" target=\"_blank\" rel=\"noopener\"><img loading=\"lazy\" decoding=\"async\" class=\"aligncenter wp-image-129 \" src=\"http:\/\/pecniair.es\/wp-content\/uploads\/2018\/02\/AirzoneLOGOPNG_LIGHT-300x177.jpg\" alt=\"Logotipo airzone\" width=\"280\" height=\"165\" srcset=\"https:\/\/pecniair.es\/wp-content\/uploads\/2018\/02\/AirzoneLOGOPNG_LIGHT-300x177.jpg 300w, https:\/\/pecniair.es\/wp-content\/uploads\/2018\/02\/AirzoneLOGOPNG_LIGHT-768x454.jpg 768w, https:\/\/pecniair.es\/wp-content\/uploads\/2018\/02\/AirzoneLOGOPNG_LIGHT.jpg 1009w\" sizes=\"auto, (max-width: 280px) 100vw, 280px\" \/><\/a>La temperatura ideal en cada habitaci\u00f3n de la casa.<\/p>\n<p><img loading=\"lazy\" decoding=\"async\" class=\"aligncenter wp-image-128 \" src=\"http:\/\/pecniair.es\/wp-content\/uploads\/2018\/02\/airzone32-300x227.jpg\" alt=\"\" width=\"411\" height=\"311\" \/><\/p>\n<p style=\"text-align: center;\"><a href=\"http:\/\/www.airzone.es\/que-es-airzone\/\" target=\"_blank\" rel=\"noopener\">Airzone<\/a> es el sistema de climatizaci\u00f3n por zonas que consigue la temperatura \u00f3ptima de confort en cada estancia. De esta forma, todas las personas de una misma casa u oficina pueden elegir la temperatura que precisen en el lugar donde se encuentren en cada momento con una sola m\u00e1quina de aire acondicionado por conductos.<\/p>\n<p style=\"text-align: center;\"><a href=\"http:\/\/www.airzone.es\/que-es-airzone\/\" target=\"_blank\" rel=\"noopener\">Airzone<\/a> garantiza confort al 100% mientras ahorra energ\u00eda.<\/p>\n<p style=\"text-align: center;\">El sistema de zonas<a href=\"http:\/\/www.airzone.es\/que-es-airzone\/\" target=\"_blank\" rel=\"noopener\"> Airzone <\/a>permite desconectar las zonas desocupadas y utilizar s\u00f3lo la cantidad justa de energ\u00eda en cada espacio. Esto genera un ahorro energ\u00e9tico y econ\u00f3mico que a medio plazo amortiza la inversi\u00f3n inicial.<\/p>\n<p style=\"text-align: center;\">Con los sistemas de zonificaci\u00f3n <a href=\"http:\/\/www.airzone.es\/que-es-airzone\/\" target=\"_blank\" rel=\"noopener\">Airzone<\/a> se consigue el m\u00e1ximo nivel de confort con un solo equipo. Adem\u00e1s, al poder desconectar zonas que no est\u00e9n en uso, podr\u00e1 hacer uso de equipos de menor potencia manteniendo el confort. Esto conlleva una reducci\u00f3n de costes, reducci\u00f3n de ruidos y de consumo el\u00e9ctrico.<\/p>\n<p style=\"text-align: center;\">Si quiere m\u00e1s informaci\u00f3n sobre el sistema de zonificaci\u00f3n <a href=\"http:\/\/www.airzone.es\/que-es-airzone\/\" target=\"_blank\" rel=\"noopener\">Airzone<\/a>, p\u00f3ngase en contacto con nosotros y le proporcionaremos toda la informaci\u00f3n que necesite.<\/p>\n<div><\/div>\n<div><\/div>\n<div style=\"text-align: right;\"><span style=\"font-size: 8pt;\">Im\u00e1genes e informaci\u00f3n tomadas de la web de <a href=\"http:\/\/www.airzone.es\/\" target=\"_blank\" rel=\"noopener\">Airzone<\/a>.<\/span><\/div>\n","protected":false},"excerpt":{"rendered":"<p>La temperatura ideal en cada habitaci\u00f3n de la casa. Airzone es el sistema de climatizaci\u00f3n por zonas que consigue la temperatura \u00f3ptima de confort en cada estancia. De esta forma, [&hellip;]<\/p>\n","protected":false},"author":1,"featured_media":0,"parent":0,"menu_order":3,"comment_status":"closed","ping_status":"closed","template":"","meta":{"footnotes":""},"class_list":["post-127","page","type-page","status-publish","hentry","post","no-featured-image"],"_links":{"self":[{"href":"https:\/\/pecniair.es\/wp-json\/wp\/v2\/pages\/127","targetHints":{"allow":["GET"]}}],"collection":[{"href":"https:\/\/pecniair.es\/wp-json\/wp\/v2\/pages"}],"about":[{"href":"https:\/\/pecniair.es\/wp-json\/wp\/v2\/types\/page"}],"author":[{"embeddable":true,"href":"https:\/\/pecniair.es\/wp-json\/wp\/v2\/users\/1"}],"replies":[{"embeddable":true,"href":"https:\/\/pecniair.es\/wp-json\/wp\/v2\/comments?post=127"}],"version-history":[{"count":5,"href":"https:\/\/pecniair.es\/wp-json\/wp\/v2\/pages\/127\/revisions"}],"predecessor-version":[{"id":187,"href":"https:\/\/pecniair.es\/wp-json\/wp\/v2\/pages\/127\/revisions\/187"}],"wp:attachment":[{"href":"https:\/\/pecniair.es\/wp-json\/wp\/v2\/media?parent=127"}],"curies":[{"name":"wp","href":"https:\/\/api.w.org\/{rel}","templated":true}]}}